{"id":755,"date":"2012-09-24T20:12:15","date_gmt":"2012-09-24T20:12:15","guid":{"rendered":"http:\/\/ruelco.com\/about-2\/"},"modified":"2013-06-11T20:34:14","modified_gmt":"2013-06-11T20:34:14","slug":"acerca-de","status":"publish","type":"page","link":"https:\/\/ruelco.com\/es\/acerca-de\/","title":{"rendered":"Acerca De"},"content":{"rendered":"<p><a href=\"https:\/\/ruelco.com\/wp-content\/uploads\/2012\/09\/About-Picture-2.jpg\" rel=\"lightbox\"><img loading=\"lazy\" decoding=\"async\" class=\"alignleft size-medium wp-image-1408\" alt=\"About Picture 2\" src=\"https:\/\/ruelco.com\/wp-content\/uploads\/2012\/09\/About-Picture-2-300x249.jpg\" width=\"300\" height=\"249\" srcset=\"https:\/\/ruelco.com\/wp-content\/uploads\/2012\/09\/About-Picture-2-300x249.jpg 300w, https:\/\/ruelco.com\/wp-content\/uploads\/2012\/09\/About-Picture-2-1024x852.jpg 1024w\" sizes=\"(max-width: 300px) 100vw, 300px\" \/><\/a>Ruelco con su f\u00e1brica completamente integrada y operativa, con temperatura controlada, y de 56.000 metro cuadrados de espacio, es localizada en New Orleans, Louisiana. Nuestro equipo utiliza las m\u00e1quinas y las herramientas m\u00e1s avanzadas y puede satisfacer todas sus necesidades de mecanizado. Ofrecemos tambi\u00e9n un proceso de mecanizado magro y automatizado para optimizar el rendimiento de la m\u00e1quina y capacidad. Utilizando nuestro equipo experimentado de maquinistas e ingenieros expertos, usted tiene la garantia que su producto siempre ser\u00e1 fabricado con la m\u00e1s alta calidad y est\u00e1ndar.<\/p>\n<p>Ruelco tiene un certificado comparable a ISO y un programa de Aseguramiento de la Calidad y de Control aprobado por Textron, Baker Oil Tools y Halliburton para ofrecer s\u00f3lo las mejores partes a nuestros clientes.<\/p>\n<p>Ruelco utiliza el software de GibbsCam que permitir que nuestros maquinistas programen de manera m\u00e1s eficiente y rentable. Este producto tambi\u00e9n permite que nuestros maquinistas hagan piezas complejas que hasta ahora eran dif\u00edciles de programar.<\/p>\n<p>Ruelco\u00a0asume los t\u00e9rminos de manufactura magra y automatizada a un nuevo nivel, utilizando las funciones avanzadas de la CNC en combinaci\u00f3n con nuestros maquinistas capacitados. Todas nuestras m\u00e1quinas autom\u00e1ticas de CNC se ejecutan durante la noche para aumentar nuestra producci\u00f3n diaria por el m\u00ednimo de 4 horas por m\u00e1quina. Esto nos da una gran ventaja en el mercado, proporcionando componentes y servicios r\u00e1pidamente y con una reducci\u00f3n general de costos.<\/p>\n<p><a href=\"https:\/\/ruelco.com\/wp-content\/uploads\/2012\/09\/photo.jpg\" rel=\"lightbox\"><img loading=\"lazy\" decoding=\"async\" class=\"alignleft size-medium wp-image-1477\" alt=\"photo\" src=\"https:\/\/ruelco.com\/wp-content\/uploads\/2012\/09\/photo-300x225.jpg\" width=\"300\" height=\"225\" srcset=\"https:\/\/ruelco.com\/wp-content\/uploads\/2012\/09\/photo-300x225.jpg 300w, https:\/\/ruelco.com\/wp-content\/uploads\/2012\/09\/photo.jpg 960w\" sizes=\"(max-width: 300px) 100vw, 300px\" \/><\/a>Ruelco\u00a0emplea un dise\u00f1o &#8220;celda de mecanizado&#8221; para aumentar la productividad. Las celdas est\u00e1n dise\u00f1adas con la funci\u00f3n y el espacio en la mente, eliminando varios movimientos de piezas de una m\u00e1quina a otra. M\u00e1quinas localizadas en la misma celda ofrecen una gama completa de capacidades de herramientas a cada celda. Esto permite que cada celda act\u00fae independientemente, pero ofrece la flexibilidad y la diversidad que es necesario durante el proceso de mecanizado.<\/p>\n<p>Ruelco\u00a0puede proporcionar el corte de precisi\u00f3n de barras acciones usando la sierra de CNC de Kasto. Esta sierra puede cortar en paquetes o barras individualmente a cualquier longitud especificada.<\/p>\n<p>Las instalaciones de Ruelco\u00a0contienen una asamblea totalmente integrada y una zona de pruebas. Esto significa que tenemos la capacidad no s\u00f3lo de fabricar los componentes, pero tambi\u00e9n construir y probarlas en un solo lugar. No dude en ponerse en contacto con nosotros con sus solicitudes de fabricaci\u00f3n personalizada.<\/p>\n<p><!--:--><\/p>","protected":false},"excerpt":{"rendered":"<p>Ruelco con su f\u00e1brica completamente integrada y operativa, con temperatura controlada, y de 56.000 metro cuadrados de espacio, es localizada&#8230;  <a class=\"moretag\" href=\"https:\/\/ruelco.com\/es\/acerca-de\/\">More<\/a><\/p>\n","protected":false},"author":1,"featured_media":1408,"parent":0,"menu_order":2,"comment_status":"closed","ping_status":"closed","template":"","meta":{"_acf_changed":false,"footnotes":""},"acf":[],"yoast_head":"<!-- This site is optimized with the Yoast SEO plugin v24.2 - https:\/\/yoast.com\/wordpress\/plugins\/seo\/ -->\n<title>Acerca De<\/title>\n<meta name=\"description\" content=\"Ruelco con su f\u00e1brica completamente integrada y operativa, con temperatura controlada, y de 56.000 metro cuadrados de espacio, es localizada en New\" \/>\n<meta name=\"robots\" content=\"index, follow, max-snippet:-1, max-image-preview:large, max-video-preview:-1\" \/>\n<link rel=\"canonical\" href=\"https:\/\/ruelco.com\/es\/acerca-de\/\" \/>\n<meta property=\"og:locale\" content=\"es_ES\" \/>\n<meta property=\"og:type\" content=\"article\" \/>\n<meta property=\"og:title\" content=\"Acerca De\" \/>\n<meta property=\"og:description\" content=\"Ruelco con su f\u00e1brica completamente integrada y operativa, con temperatura controlada, y de 56.000 metro cuadrados de espacio, es localizada en New\" \/>\n<meta property=\"og:url\" content=\"https:\/\/ruelco.com\/es\/acerca-de\/\" \/>\n<meta property=\"og:site_name\" content=\"Ruelco\" \/>\n<meta property=\"article:modified_time\" content=\"2013-06-11T20:34:14+00:00\" \/>\n<meta property=\"og:image\" content=\"https:\/\/ruelco.com\/wp-content\/uploads\/2012\/09\/About-Picture-2.jpg\" \/>\n\t<meta property=\"og:image:width\" content=\"2458\" \/>\n\t<meta property=\"og:image:height\" content=\"2047\" \/>\n\t<meta property=\"og:image:type\" content=\"image\/jpeg\" \/>\n<meta name=\"twitter:label1\" content=\"Tiempo de lectura\" \/>\n\t<meta name=\"twitter:data1\" content=\"2 minutes\" \/>\n<script type=\"application\/ld+json\" class=\"yoast-schema-graph\">{\"@context\":\"https:\/\/schema.org\",\"@graph\":[{\"@type\":\"WebPage\",\"@id\":\"https:\/\/ruelco.com\/es\/acerca-de\/\",\"url\":\"https:\/\/ruelco.com\/es\/acerca-de\/\",\"name\":\"Acerca De\",\"isPartOf\":{\"@id\":\"https:\/\/ruelco.com\/#website\"},\"primaryImageOfPage\":{\"@id\":\"https:\/\/ruelco.com\/es\/acerca-de\/#primaryimage\"},\"image\":{\"@id\":\"https:\/\/ruelco.com\/es\/acerca-de\/#primaryimage\"},\"thumbnailUrl\":\"https:\/\/ruelco.com\/wp-content\/uploads\/2012\/09\/About-Picture-2.jpg\",\"datePublished\":\"2012-09-24T20:12:15+00:00\",\"dateModified\":\"2013-06-11T20:34:14+00:00\",\"description\":\"Ruelco con su f\u00e1brica completamente integrada y operativa, con temperatura controlada, y de 56.000 metro cuadrados de espacio, es localizada en New\",\"breadcrumb\":{\"@id\":\"https:\/\/ruelco.com\/es\/acerca-de\/#breadcrumb\"},\"inLanguage\":\"es-ES\",\"potentialAction\":[{\"@type\":\"ReadAction\",\"target\":[\"https:\/\/ruelco.com\/es\/acerca-de\/\"]}]},{\"@type\":\"ImageObject\",\"inLanguage\":\"es-ES\",\"@id\":\"https:\/\/ruelco.com\/es\/acerca-de\/#primaryimage\",\"url\":\"https:\/\/ruelco.com\/wp-content\/uploads\/2012\/09\/About-Picture-2.jpg\",\"contentUrl\":\"https:\/\/ruelco.com\/wp-content\/uploads\/2012\/09\/About-Picture-2.jpg\",\"width\":2458,\"height\":2047},{\"@type\":\"BreadcrumbList\",\"@id\":\"https:\/\/ruelco.com\/es\/acerca-de\/#breadcrumb\",\"itemListElement\":[{\"@type\":\"ListItem\",\"position\":1,\"name\":\"Home\",\"item\":\"https:\/\/ruelco.com\/es\/\"},{\"@type\":\"ListItem\",\"position\":2,\"name\":\"Acerca De\"}]},{\"@type\":\"WebSite\",\"@id\":\"https:\/\/ruelco.com\/#website\",\"url\":\"https:\/\/ruelco.com\/\",\"name\":\"Ruelco\",\"description\":\"Ruelco | Instrumentation Components | Pneumatic Relay Valves | Interface Hydraulic Control Valve | Quick Exhaust Valve | Pneumatic Liquid Level Switch\",\"potentialAction\":[{\"@type\":\"SearchAction\",\"target\":{\"@type\":\"EntryPoint\",\"urlTemplate\":\"https:\/\/ruelco.com\/?s={search_term_string}\"},\"query-input\":{\"@type\":\"PropertyValueSpecification\",\"valueRequired\":true,\"valueName\":\"search_term_string\"}}],\"inLanguage\":\"es-ES\"}]}<\/script>\n<!-- \/ Yoast SEO plugin. -->","yoast_head_json":{"title":"Acerca De","description":"Ruelco con su f\u00e1brica completamente integrada y operativa, con temperatura controlada, y de 56.000 metro cuadrados de espacio, es localizada en New","robots":{"index":"index","follow":"follow","max-snippet":"max-snippet:-1","max-image-preview":"max-image-preview:large","max-video-preview":"max-video-preview:-1"},"canonical":"https:\/\/ruelco.com\/es\/acerca-de\/","og_locale":"es_ES","og_type":"article","og_title":"Acerca De","og_description":"Ruelco con su f\u00e1brica completamente integrada y operativa, con temperatura controlada, y de 56.000 metro cuadrados de espacio, es localizada en New","og_url":"https:\/\/ruelco.com\/es\/acerca-de\/","og_site_name":"Ruelco","article_modified_time":"2013-06-11T20:34:14+00:00","og_image":[{"width":2458,"height":2047,"url":"https:\/\/ruelco.com\/wp-content\/uploads\/2012\/09\/About-Picture-2.jpg","type":"image\/jpeg"}],"twitter_misc":{"Tiempo de lectura":"2 minutes"},"schema":{"@context":"https:\/\/schema.org","@graph":[{"@type":"WebPage","@id":"https:\/\/ruelco.com\/es\/acerca-de\/","url":"https:\/\/ruelco.com\/es\/acerca-de\/","name":"Acerca De","isPartOf":{"@id":"https:\/\/ruelco.com\/#website"},"primaryImageOfPage":{"@id":"https:\/\/ruelco.com\/es\/acerca-de\/#primaryimage"},"image":{"@id":"https:\/\/ruelco.com\/es\/acerca-de\/#primaryimage"},"thumbnailUrl":"https:\/\/ruelco.com\/wp-content\/uploads\/2012\/09\/About-Picture-2.jpg","datePublished":"2012-09-24T20:12:15+00:00","dateModified":"2013-06-11T20:34:14+00:00","description":"Ruelco con su f\u00e1brica completamente integrada y operativa, con temperatura controlada, y de 56.000 metro cuadrados de espacio, es localizada en New","breadcrumb":{"@id":"https:\/\/ruelco.com\/es\/acerca-de\/#breadcrumb"},"inLanguage":"es-ES","potentialAction":[{"@type":"ReadAction","target":["https:\/\/ruelco.com\/es\/acerca-de\/"]}]},{"@type":"ImageObject","inLanguage":"es-ES","@id":"https:\/\/ruelco.com\/es\/acerca-de\/#primaryimage","url":"https:\/\/ruelco.com\/wp-content\/uploads\/2012\/09\/About-Picture-2.jpg","contentUrl":"https:\/\/ruelco.com\/wp-content\/uploads\/2012\/09\/About-Picture-2.jpg","width":2458,"height":2047},{"@type":"BreadcrumbList","@id":"https:\/\/ruelco.com\/es\/acerca-de\/#breadcrumb","itemListElement":[{"@type":"ListItem","position":1,"name":"Home","item":"https:\/\/ruelco.com\/es\/"},{"@type":"ListItem","position":2,"name":"Acerca De"}]},{"@type":"WebSite","@id":"https:\/\/ruelco.com\/#website","url":"https:\/\/ruelco.com\/","name":"Ruelco","description":"Ruelco | Instrumentation Components | Pneumatic Relay Valves | Interface Hydraulic Control Valve | Quick Exhaust Valve | Pneumatic Liquid Level Switch","potentialAction":[{"@type":"SearchAction","target":{"@type":"EntryPoint","urlTemplate":"https:\/\/ruelco.com\/?s={search_term_string}"},"query-input":{"@type":"PropertyValueSpecification","valueRequired":true,"valueName":"search_term_string"}}],"inLanguage":"es-ES"}]}},"_links":{"self":[{"href":"https:\/\/ruelco.com\/es\/wp-json\/wp\/v2\/pages\/755\/"}],"collection":[{"href":"https:\/\/ruelco.com\/es\/wp-json\/wp\/v2\/pages\/"}],"about":[{"href":"https:\/\/ruelco.com\/es\/wp-json\/wp\/v2\/types\/page\/"}],"author":[{"embeddable":true,"href":"https:\/\/ruelco.com\/es\/wp-json\/wp\/v2\/users\/1\/"}],"replies":[{"embeddable":true,"href":"https:\/\/ruelco.com\/es\/wp-json\/wp\/v2\/comments\/?post=755"}],"version-history":[{"count":9,"href":"https:\/\/ruelco.com\/es\/wp-json\/wp\/v2\/pages\/755\/revisions\/"}],"predecessor-version":[{"id":1481,"href":"https:\/\/ruelco.com\/es\/wp-json\/wp\/v2\/pages\/755\/revisions\/1481\/"}],"wp:featuredmedia":[{"embeddable":true,"href":"https:\/\/ruelco.com\/es\/wp-json\/wp\/v2\/media\/1408\/"}],"wp:attachment":[{"href":"https:\/\/ruelco.com\/es\/wp-json\/wp\/v2\/media\/?parent=755"}],"curies":[{"name":"wp","href":"https:\/\/api.w.org\/{rel}","templated":true}]}}