{"id":763,"date":"2013-04-04T15:43:13","date_gmt":"2013-04-04T15:43:13","guid":{"rendered":"http:\/\/ruelco.com\/home-2\/"},"modified":"2013-07-12T21:05:08","modified_gmt":"2013-07-12T21:05:08","slug":"home","status":"publish","type":"page","link":"https:\/\/ruelco.com\/es\/","title":{"rendered":"In\u00edcio"},"content":{"rendered":"<p><a href=\"https:\/\/ruelco.com\/wp-content\/uploads\/2013\/04\/ruelco.jpg\"><img loading=\"lazy\" decoding=\"async\" class=\"size-full wp-image-460 alignnone\" alt=\"ruelco\" src=\"https:\/\/ruelco.com\/wp-content\/uploads\/2013\/04\/ruelco.jpg\" width=\"600\" height=\"159\" srcset=\"https:\/\/ruelco.com\/wp-content\/uploads\/2013\/04\/ruelco.jpg 600w, https:\/\/ruelco.com\/wp-content\/uploads\/2013\/04\/ruelco-300x79.jpg 300w\" sizes=\"(max-width: 600px) 100vw, 600px\" \/><\/a><br \/>\nRuelco es uno de los fabricantes l\u00edderes del mundo de los controles de instrumentaci\u00f3n. La versatilidad de nuestros productos es la fuerza mas grande que poseemos y nuestra gama de m\u00e1quinas CNC permite la producci\u00f3n r\u00e1pida y de alta precisi\u00f3n en todos nuestros procesos. A medida que se desarrollan nuevas aplicaciones en la industria de controles, estaremos all\u00ed para proporcionar los servicios de dise\u00f1o y fabricaci\u00f3n para satisfacer la demanda de nuestros clientes.<\/p>\n<div class=\"alignright\">[easingsliderlite]<\/div>\n<p>Ruelco tiene la capacidad para probar cada parte fabricado en nuestras instalaciones utilizando pruebas internas. Nuestro programa de control de calidad de 100% garantiza que s\u00f3lo los productos que satisfacen nuestros altos est\u00e1ndares salen de la tienda. Nuestro compromiso con la innovaci\u00f3n, la calidad y la satisfacci\u00f3n total de cada cliente individual es lo que impulsa a nosotros para tener \u00e9xito hoy y en el futuro.<\/p>\n<p>Ruelco tambi\u00e9n produce una amplia variedad de otros servicios, desde los componentes militares a accesorios para m\u00e1quinas de llenado autom\u00e1tico, adem\u00e1s de nuestra l\u00ednea completa de controles de instrumentaci\u00f3n y accesorios.<\/p>\n<p>H\u00e1ganos saber los servicios que buscas y nosotros haremos nuestro mejor para satisfacer las necesidades de cada cliente individual.<\/p>","protected":false},"excerpt":{"rendered":"<p>Ruelco es uno de los fabricantes l\u00edderes del mundo de los controles de instrumentaci\u00f3n. La versatilidad de nuestros productos es&#8230;  <a class=\"moretag\" href=\"https:\/\/ruelco.com\/es\/\">More<\/a><\/p>\n","protected":false},"author":1,"featured_media":460,"parent":0,"menu_order":1,"comment_status":"open","ping_status":"closed","template":"","meta":{"_acf_changed":false,"footnotes":""},"acf":[],"yoast_head":"<!-- This site is optimized with the Yoast SEO plugin v24.2 - https:\/\/yoast.com\/wordpress\/plugins\/seo\/ -->\n<title>In\u00edcio<\/title>\n<meta name=\"description\" content=\"Ruelco es uno de los fabricantes l\u00edderes del mundo de los controles de instrumentaci\u00f3n. La versatilidad de nuestros productos es la fuerza mas grande que\" \/>\n<meta name=\"robots\" content=\"index, follow, max-snippet:-1, max-image-preview:large, max-video-preview:-1\" \/>\n<link rel=\"canonical\" href=\"https:\/\/ruelco.com\/es\/\" \/>\n<meta property=\"og:locale\" content=\"es_ES\" \/>\n<meta property=\"og:type\" content=\"article\" \/>\n<meta property=\"og:title\" content=\"In\u00edcio\" \/>\n<meta property=\"og:description\" content=\"Ruelco es uno de los fabricantes l\u00edderes del mundo de los controles de instrumentaci\u00f3n. La versatilidad de nuestros productos es la fuerza mas grande que\" \/>\n<meta property=\"og:url\" content=\"https:\/\/ruelco.com\/es\/\" \/>\n<meta property=\"og:site_name\" content=\"Ruelco\" \/>\n<meta property=\"article:modified_time\" content=\"2013-07-12T21:05:08+00:00\" \/>\n<meta property=\"og:image\" content=\"https:\/\/ruelco.com\/wp-content\/uploads\/2013\/04\/ruelco.jpg\" \/>\n\t<meta property=\"og:image:width\" content=\"600\" \/>\n\t<meta property=\"og:image:height\" content=\"159\" \/>\n\t<meta property=\"og:image:type\" content=\"image\/jpeg\" \/>\n<meta name=\"twitter:label1\" content=\"Tiempo de lectura\" \/>\n\t<meta name=\"twitter:data1\" content=\"1 minute\" \/>\n<script type=\"application\/ld+json\" class=\"yoast-schema-graph\">{\"@context\":\"https:\/\/schema.org\",\"@graph\":[{\"@type\":\"WebPage\",\"@id\":\"https:\/\/ruelco.com\/es\/\",\"url\":\"https:\/\/ruelco.com\/es\/\",\"name\":\"In\u00edcio\",\"isPartOf\":{\"@id\":\"https:\/\/ruelco.com\/#website\"},\"primaryImageOfPage\":{\"@id\":\"https:\/\/ruelco.com\/es\/#primaryimage\"},\"image\":{\"@id\":\"https:\/\/ruelco.com\/es\/#primaryimage\"},\"thumbnailUrl\":\"https:\/\/ruelco.com\/wp-content\/uploads\/2013\/04\/ruelco.jpg\",\"datePublished\":\"2013-04-04T15:43:13+00:00\",\"dateModified\":\"2013-07-12T21:05:08+00:00\",\"description\":\"Ruelco es uno de los fabricantes l\u00edderes del mundo de los controles de instrumentaci\u00f3n. La versatilidad de nuestros productos es la fuerza mas grande que\",\"breadcrumb\":{\"@id\":\"https:\/\/ruelco.com\/es\/#breadcrumb\"},\"inLanguage\":\"es-ES\",\"potentialAction\":[{\"@type\":\"ReadAction\",\"target\":[\"https:\/\/ruelco.com\/es\/\"]}]},{\"@type\":\"ImageObject\",\"inLanguage\":\"es-ES\",\"@id\":\"https:\/\/ruelco.com\/es\/#primaryimage\",\"url\":\"https:\/\/ruelco.com\/wp-content\/uploads\/2013\/04\/ruelco.jpg\",\"contentUrl\":\"https:\/\/ruelco.com\/wp-content\/uploads\/2013\/04\/ruelco.jpg\",\"width\":600,\"height\":159},{\"@type\":\"BreadcrumbList\",\"@id\":\"https:\/\/ruelco.com\/es\/#breadcrumb\",\"itemListElement\":[{\"@type\":\"ListItem\",\"position\":1,\"name\":\"Home\",\"item\":\"https:\/\/ruelco.com\/es\/\"},{\"@type\":\"ListItem\",\"position\":2,\"name\":\"In\u00edcio\"}]},{\"@type\":\"WebSite\",\"@id\":\"https:\/\/ruelco.com\/#website\",\"url\":\"https:\/\/ruelco.com\/\",\"name\":\"Ruelco\",\"description\":\"Ruelco | Instrumentation Components | Pneumatic Relay Valves | Interface Hydraulic Control Valve | Quick Exhaust Valve | Pneumatic Liquid Level Switch\",\"potentialAction\":[{\"@type\":\"SearchAction\",\"target\":{\"@type\":\"EntryPoint\",\"urlTemplate\":\"https:\/\/ruelco.com\/?s={search_term_string}\"},\"query-input\":{\"@type\":\"PropertyValueSpecification\",\"valueRequired\":true,\"valueName\":\"search_term_string\"}}],\"inLanguage\":\"es-ES\"}]}<\/script>\n<!-- \/ Yoast SEO plugin. -->","yoast_head_json":{"title":"In\u00edcio","description":"Ruelco es uno de los fabricantes l\u00edderes del mundo de los controles de instrumentaci\u00f3n. La versatilidad de nuestros productos es la fuerza mas grande que","robots":{"index":"index","follow":"follow","max-snippet":"max-snippet:-1","max-image-preview":"max-image-preview:large","max-video-preview":"max-video-preview:-1"},"canonical":"https:\/\/ruelco.com\/es\/","og_locale":"es_ES","og_type":"article","og_title":"In\u00edcio","og_description":"Ruelco es uno de los fabricantes l\u00edderes del mundo de los controles de instrumentaci\u00f3n. La versatilidad de nuestros productos es la fuerza mas grande que","og_url":"https:\/\/ruelco.com\/es\/","og_site_name":"Ruelco","article_modified_time":"2013-07-12T21:05:08+00:00","og_image":[{"width":600,"height":159,"url":"https:\/\/ruelco.com\/wp-content\/uploads\/2013\/04\/ruelco.jpg","type":"image\/jpeg"}],"twitter_misc":{"Tiempo de lectura":"1 minute"},"schema":{"@context":"https:\/\/schema.org","@graph":[{"@type":"WebPage","@id":"https:\/\/ruelco.com\/es\/","url":"https:\/\/ruelco.com\/es\/","name":"In\u00edcio","isPartOf":{"@id":"https:\/\/ruelco.com\/#website"},"primaryImageOfPage":{"@id":"https:\/\/ruelco.com\/es\/#primaryimage"},"image":{"@id":"https:\/\/ruelco.com\/es\/#primaryimage"},"thumbnailUrl":"https:\/\/ruelco.com\/wp-content\/uploads\/2013\/04\/ruelco.jpg","datePublished":"2013-04-04T15:43:13+00:00","dateModified":"2013-07-12T21:05:08+00:00","description":"Ruelco es uno de los fabricantes l\u00edderes del mundo de los controles de instrumentaci\u00f3n. La versatilidad de nuestros productos es la fuerza mas grande que","breadcrumb":{"@id":"https:\/\/ruelco.com\/es\/#breadcrumb"},"inLanguage":"es-ES","potentialAction":[{"@type":"ReadAction","target":["https:\/\/ruelco.com\/es\/"]}]},{"@type":"ImageObject","inLanguage":"es-ES","@id":"https:\/\/ruelco.com\/es\/#primaryimage","url":"https:\/\/ruelco.com\/wp-content\/uploads\/2013\/04\/ruelco.jpg","contentUrl":"https:\/\/ruelco.com\/wp-content\/uploads\/2013\/04\/ruelco.jpg","width":600,"height":159},{"@type":"BreadcrumbList","@id":"https:\/\/ruelco.com\/es\/#breadcrumb","itemListElement":[{"@type":"ListItem","position":1,"name":"Home","item":"https:\/\/ruelco.com\/es\/"},{"@type":"ListItem","position":2,"name":"In\u00edcio"}]},{"@type":"WebSite","@id":"https:\/\/ruelco.com\/#website","url":"https:\/\/ruelco.com\/","name":"Ruelco","description":"Ruelco | Instrumentation Components | Pneumatic Relay Valves | Interface Hydraulic Control Valve | Quick Exhaust Valve | Pneumatic Liquid Level Switch","potentialAction":[{"@type":"SearchAction","target":{"@type":"EntryPoint","urlTemplate":"https:\/\/ruelco.com\/?s={search_term_string}"},"query-input":{"@type":"PropertyValueSpecification","valueRequired":true,"valueName":"search_term_string"}}],"inLanguage":"es-ES"}]}},"_links":{"self":[{"href":"https:\/\/ruelco.com\/es\/wp-json\/wp\/v2\/pages\/763\/"}],"collection":[{"href":"https:\/\/ruelco.com\/es\/wp-json\/wp\/v2\/pages\/"}],"about":[{"href":"https:\/\/ruelco.com\/es\/wp-json\/wp\/v2\/types\/page\/"}],"author":[{"embeddable":true,"href":"https:\/\/ruelco.com\/es\/wp-json\/wp\/v2\/users\/1\/"}],"replies":[{"embeddable":true,"href":"https:\/\/ruelco.com\/es\/wp-json\/wp\/v2\/comments\/?post=763"}],"version-history":[{"count":7,"href":"https:\/\/ruelco.com\/es\/wp-json\/wp\/v2\/pages\/763\/revisions\/"}],"predecessor-version":[{"id":766,"href":"https:\/\/ruelco.com\/es\/wp-json\/wp\/v2\/pages\/763\/revisions\/766\/"}],"wp:featuredmedia":[{"embeddable":true,"href":"https:\/\/ruelco.com\/es\/wp-json\/wp\/v2\/media\/460\/"}],"wp:attachment":[{"href":"https:\/\/ruelco.com\/es\/wp-json\/wp\/v2\/media\/?parent=763"}],"curies":[{"name":"wp","href":"https:\/\/api.w.org\/{rel}","templated":true}]}}