{"id":1007,"date":"2012-09-25T15:30:32","date_gmt":"2012-09-25T15:30:32","guid":{"rendered":"http:\/\/ruelco.com\/request-a-catalog-2\/"},"modified":"2013-11-21T19:26:42","modified_gmt":"2013-11-21T19:26:42","slug":"solicitacao-de-catalogo","status":"publish","type":"page","link":"https:\/\/ruelco.com\/pt-pt\/solicitacao-de-catalogo\/","title":{"rendered":"Soli\u00e7ita\u00e7\u00e3o de Cat\u00e1logo"},"content":{"rendered":"<script type=\"text\/javascript\">\n\/* <![CDATA[ *\/\nvar gform;gform||(document.addEventListener(\"gform_main_scripts_loaded\",function(){gform.scriptsLoaded=!0}),document.addEventListener(\"gform\/theme\/scripts_loaded\",function(){gform.themeScriptsLoaded=!0}),window.addEventListener(\"DOMContentLoaded\",function(){gform.domLoaded=!0}),gform={domLoaded:!1,scriptsLoaded:!1,themeScriptsLoaded:!1,isFormEditor:()=>\"function\"==typeof InitializeEditor,callIfLoaded:function(o){return!(!gform.domLoaded||!gform.scriptsLoaded||!gform.themeScriptsLoaded&&!gform.isFormEditor()||(gform.isFormEditor()&&console.warn(\"The use of gform.initializeOnLoaded() is deprecated in the form editor context and will be removed in Gravity Forms 3.1.\"),o(),0))},initializeOnLoaded:function(o){gform.callIfLoaded(o)||(document.addEventListener(\"gform_main_scripts_loaded\",()=>{gform.scriptsLoaded=!0,gform.callIfLoaded(o)}),document.addEventListener(\"gform\/theme\/scripts_loaded\",()=>{gform.themeScriptsLoaded=!0,gform.callIfLoaded(o)}),window.addEventListener(\"DOMContentLoaded\",()=>{gform.domLoaded=!0,gform.callIfLoaded(o)}))},hooks:{action:{},filter:{}},addAction:function(o,r,e,t){gform.addHook(\"action\",o,r,e,t)},addFilter:function(o,r,e,t){gform.addHook(\"filter\",o,r,e,t)},doAction:function(o){gform.doHook(\"action\",o,arguments)},applyFilters:function(o){return gform.doHook(\"filter\",o,arguments)},removeAction:function(o,r){gform.removeHook(\"action\",o,r)},removeFilter:function(o,r,e){gform.removeHook(\"filter\",o,r,e)},addHook:function(o,r,e,t,n){null==gform.hooks[o][r]&&(gform.hooks[o][r]=[]);var d=gform.hooks[o][r];null==n&&(n=r+\"_\"+d.length),gform.hooks[o][r].push({tag:n,callable:e,priority:t=null==t?10:t})},doHook:function(r,o,e){var t;if(e=Array.prototype.slice.call(e,1),null!=gform.hooks[r][o]&&((o=gform.hooks[r][o]).sort(function(o,r){return o.priority-r.priority}),o.forEach(function(o){\"function\"!=typeof(t=o.callable)&&(t=window[t]),\"action\"==r?t.apply(null,e):e[0]=t.apply(null,e)})),\"filter\"==r)return e[0]},removeHook:function(o,r,t,n){var e;null!=gform.hooks[o][r]&&(e=(e=gform.hooks[o][r]).filter(function(o,r,e){return!!(null!=n&&n!=o.tag||null!=t&&t!=o.priority)}),gform.hooks[o][r]=e)}});\n\/* ]]> *\/\n<\/script>\n\n                <div class='gf_browser_gecko gform_wrapper gform_legacy_markup_wrapper gform-theme--no-framework' data-form-theme='legacy' data-form-index='0' id='gform_wrapper_37' ><form method='post' enctype='multipart\/form-data'  id='gform_37'  action='\/pt-pt\/wp-json\/wp\/v2\/pages\/1007' data-formid='37' novalidate>\n                        <div class='gform-body gform_body'><ul id='gform_fields_37' class='gform_fields top_label form_sublabel_below description_below validation_below'><li id=\"field_37_1\" class=\"gfield gfield--type-name gfield_contains_required field_sublabel_below gfield--no-description field_description_below field_validation_below gfield_visibility_visible\"  ><label class='gfield_label gform-field-label' >Nome<span class=\"gfield_required\"><span class=\"gfield_required gfield_required_asterisk\">*<\/span><\/span><\/label><div class='ginput_container ginput_container_name'>\n                                    <input name='input_1' id='input_37_1' type='text' value='' class='medium'   aria-required=\"true\" aria-invalid=\"false\"   \/>\n                                <\/div><\/li><li id=\"field_37_9\" class=\"gfield gfield--type-name gfield_contains_required field_sublabel_below gfield--no-description field_description_below field_validation_below gfield_visibility_visible\"  ><label class='gfield_label gform-field-label' >Sobrenome<span class=\"gfield_required\"><span class=\"gfield_required gfield_required_asterisk\">*<\/span><\/span><\/label><div class='ginput_container ginput_container_name'>\n                                    <input name='input_9' id='input_37_9' type='text' value='' class='medium'   aria-required=\"true\" aria-invalid=\"false\"   \/>\n                                <\/div><\/li><li id=\"field_37_10\" class=\"gfield gfield--type-text gfield_contains_required field_sublabel_below gfield--no-description field_description_below field_validation_below gfield_visibility_visible\"  ><label class='gfield_label gform-field-label' for='input_37_10'>Endere\u00e7o<span class=\"gfield_required\"><span class=\"gfield_required gfield_required_asterisk\">*<\/span><\/span><\/label><div class='ginput_container ginput_container_text'><input name='input_10' id='input_37_10' type='text' value='' class='medium'     aria-required=\"true\" aria-invalid=\"false\"   \/><\/div><\/li><li id=\"field_37_11\" class=\"gfield gfield--type-text gfield_contains_required field_sublabel_below gfield--no-description field_description_below field_validation_below gfield_visibility_visible\"  ><label class='gfield_label gform-field-label' for='input_37_11'>Cidade<span class=\"gfield_required\"><span class=\"gfield_required gfield_required_asterisk\">*<\/span><\/span><\/label><div class='ginput_container ginput_container_text'><input name='input_11' id='input_37_11' type='text' value='' class='medium'     aria-required=\"true\" aria-invalid=\"false\"   \/><\/div><\/li><li id=\"field_37_12\" class=\"gfield gfield--type-text gfield_contains_required field_sublabel_below gfield--no-description field_description_below field_validation_below gfield_visibility_visible\"  ><label class='gfield_label gform-field-label' for='input_37_12'>Estado<span class=\"gfield_required\"><span class=\"gfield_required gfield_required_asterisk\">*<\/span><\/span><\/label><div class='ginput_container ginput_container_text'><input name='input_12' id='input_37_12' type='text' value='' class='medium'     aria-required=\"true\" aria-invalid=\"false\"   \/><\/div><\/li><li id=\"field_37_13\" class=\"gfield gfield--type-text gfield_contains_required field_sublabel_below gfield--no-description field_description_below field_validation_below gfield_visibility_visible\"  ><label class='gfield_label gform-field-label' for='input_37_13'>C\u00f3digo Postal<span class=\"gfield_required\"><span class=\"gfield_required gfield_required_asterisk\">*<\/span><\/span><\/label><div class='ginput_container ginput_container_text'><input name='input_13' id='input_37_13' type='text' value='' class='medium'     aria-required=\"true\" aria-invalid=\"false\"   \/><\/div><\/li><li id=\"field_37_14\" class=\"gfield gfield--type-text gfield_contains_required field_sublabel_below gfield--no-description field_description_below field_validation_below gfield_visibility_visible\"  ><label class='gfield_label gform-field-label' for='input_37_14'>Pa\u00eds<span class=\"gfield_required\"><span class=\"gfield_required gfield_required_asterisk\">*<\/span><\/span><\/label><div class='ginput_container ginput_container_text'><input name='input_14' id='input_37_14' type='text' value='' class='medium'     aria-required=\"true\" aria-invalid=\"false\"   \/><\/div><\/li><li id=\"field_37_3\" class=\"gfield gfield--type-email gfield_contains_required field_sublabel_below gfield--no-description field_description_below field_validation_below gfield_visibility_visible\"  ><label class='gfield_label gform-field-label' for='input_37_3'>Email<span class=\"gfield_required\"><span class=\"gfield_required gfield_required_asterisk\">*<\/span><\/span><\/label><div class='ginput_container ginput_container_email'>\n                            <input name='input_3' id='input_37_3' type='email' value='' class='medium'    aria-required=\"true\" aria-invalid=\"false\"  \/>\n                        <\/div><\/li><li id=\"field_37_4\" class=\"gfield gfield--type-phone gfield_contains_required field_sublabel_below gfield--no-description field_description_below field_validation_below gfield_visibility_visible\"  ><label class='gfield_label gform-field-label' for='input_37_4'>Telefone<span class=\"gfield_required\"><span class=\"gfield_required gfield_required_asterisk\">*<\/span><\/span><\/label><div class='ginput_container ginput_container_phone'><input name='input_4' id='input_37_4' type='tel' value='' class='medium'   aria-required=\"true\" aria-invalid=\"false\"   \/><\/div><\/li><li id=\"field_37_5\" class=\"gfield gfield--type-text gfield_contains_required field_sublabel_below gfield--no-description field_description_below field_validation_below gfield_visibility_visible\"  ><label class='gfield_label gform-field-label' for='input_37_5'>Empresa<span class=\"gfield_required\"><span class=\"gfield_required gfield_required_asterisk\">*<\/span><\/span><\/label><div class='ginput_container ginput_container_text'><input name='input_5' id='input_37_5' type='text' value='' class='medium'     aria-required=\"true\" aria-invalid=\"false\"   \/><\/div><\/li><li id=\"field_37_6\" class=\"gfield gfield--type-textarea field_sublabel_below gfield--no-description field_description_below field_validation_below gfield_visibility_visible\"  ><label class='gfield_label gform-field-label' for='input_37_6'>Inqu\u00e9rito<\/label><div class='ginput_container ginput_container_textarea'><textarea name='input_6' id='input_37_6' class='textarea medium'      aria-invalid=\"false\"   rows='10' cols='50'><\/textarea><\/div><\/li><li id=\"field_37_7\" class=\"gfield gfield--type-radio gfield--type-choice field_sublabel_below gfield--no-description field_description_below field_validation_below gfield_visibility_visible\"  ><label class='gfield_label gform-field-label' >Op\u00e7\u00e3o de entrega<\/label><div class='ginput_container ginput_container_radio'><ul class='gfield_radio' id='input_37_7'>\n\t\t\t<li class='gchoice gchoice_37_7_0'>\n\t\t\t\t<input name='input_7' type='radio' value='Cat\u00e1logo por download'  id='choice_37_7_0'    \/>\n\t\t\t\t<label for='choice_37_7_0' id='label_37_7_0' class='gform-field-label gform-field-label--type-inline'>Cat\u00e1logo por download<\/label>\n\t\t\t<\/li>\n\t\t\t<li class='gchoice gchoice_37_7_1'>\n\t\t\t\t<input name='input_7' type='radio' value='Cat\u00e1logo por correio'  id='choice_37_7_1'    \/>\n\t\t\t\t<label for='choice_37_7_1' id='label_37_7_1' class='gform-field-label gform-field-label--type-inline'>Cat\u00e1logo por correio<\/label>\n\t\t\t<\/li><\/ul><\/div><\/li><li id=\"field_37_8\" class=\"gfield gfield--type-radio gfield--type-choice field_sublabel_below gfield--no-description field_description_below field_validation_below gfield_visibility_visible\"  ><label class='gfield_label gform-field-label' >Voc\u00ea gostaria de receber nossa newsletter mensal?<\/label><div class='ginput_container ginput_container_radio'><ul class='gfield_radio' id='input_37_8'>\n\t\t\t<li class='gchoice gchoice_37_8_0'>\n\t\t\t\t<input name='input_8' type='radio' value='Sim'  id='choice_37_8_0'    \/>\n\t\t\t\t<label for='choice_37_8_0' id='label_37_8_0' class='gform-field-label gform-field-label--type-inline'>Sim<\/label>\n\t\t\t<\/li>\n\t\t\t<li class='gchoice gchoice_37_8_1'>\n\t\t\t\t<input name='input_8' type='radio' value='N\u00e3o'  id='choice_37_8_1'    \/>\n\t\t\t\t<label for='choice_37_8_1' id='label_37_8_1' class='gform-field-label gform-field-label--type-inline'>N\u00e3o<\/label>\n\t\t\t<\/li><\/ul><\/div><\/li><\/ul><\/div>\n        <div class='gform-footer gform_footer top_label'> <input type='image' src='https:\/\/ruelco.com\/wp-content\/uploads\/2013\/04\/submit.png' id='gform_submit_button_37' onclick='gform.submission.handleButtonClick(this);' data-submission-type='submit' class='gform_button button gform_image_button' alt='Submit'  \/> \n            <input type='hidden' class='gform_hidden' name='gform_submission_method' data-js='gform_submission_method_37' value='postback' \/>\n            <input type='hidden' class='gform_hidden' name='gform_theme' data-js='gform_theme_37' id='gform_theme_37' value='legacy' \/>\n            <input type='hidden' class='gform_hidden' name='gform_style_settings' data-js='gform_style_settings_37' id='gform_style_settings_37' value='[]' \/>\n            <input type='hidden' class='gform_hidden' name='is_submit_37' value='1' \/>\n            <input type='hidden' class='gform_hidden' name='gform_submit' value='37' \/>\n            \n            <input type='hidden' class='gform_hidden' name='gform_currency' data-currency='USD' value='yzjkPcaaAFVFjRA1+UT87\/4gscPcBL2ruIYLf1t5fO5GfNyHWo2T7YKsPTE2gbSJ8q9j99IU9uQQ2zr51rL0Ia3AxrAh\/\/IpYfpOY092UqWR2GQ=' \/>\n            <input type='hidden' class='gform_hidden' name='gform_unique_id' value='' \/>\n            <input type='hidden' class='gform_hidden' name='state_37' value='WyJbXSIsIjE3ZTM2ZTRlOGNjZDI2YWIwYTAzOTJkOGUwMDk2MzZiIl0=' \/>\n            <input type='hidden' autocomplete='off' class='gform_hidden' name='gform_target_page_number_37' id='gform_target_page_number_37' value='0' \/>\n            <input type='hidden' autocomplete='off' class='gform_hidden' name='gform_source_page_number_37' id='gform_source_page_number_37' value='1' \/>\n            <input type='hidden' name='gform_field_values' value='' \/>\n            \n        <\/div>\n                        <\/form>\n                        <\/div><script type=\"text\/javascript\">\n\/* <![CDATA[ *\/\n gform.initializeOnLoaded( function() {gformInitSpinner( 37, 'https:\/\/ruelco.com\/wp-content\/plugins\/gravityforms\/images\/spinner.svg', true );jQuery('#gform_ajax_frame_37').on('load',function(){var contents = jQuery(this).contents().find('*').html();var is_postback = contents.indexOf('GF_AJAX_POSTBACK') >= 0;if(!is_postback){return;}var form_content = jQuery(this).contents().find('#gform_wrapper_37');var is_confirmation = jQuery(this).contents().find('#gform_confirmation_wrapper_37').length > 0;var is_redirect = contents.indexOf('gformRedirect(){') >= 0;var is_form = form_content.length > 0 && ! is_redirect && ! is_confirmation;var mt = parseInt(jQuery('html').css('margin-top'), 10) + parseInt(jQuery('body').css('margin-top'), 10) + 100;if(is_form){jQuery('#gform_wrapper_37').html(form_content.html());if(form_content.hasClass('gform_validation_error')){jQuery('#gform_wrapper_37').addClass('gform_validation_error');} else {jQuery('#gform_wrapper_37').removeClass('gform_validation_error');}setTimeout( function() { \/* delay the scroll by 50 milliseconds to fix a bug in chrome *\/  }, 50 );if(window['gformInitDatepicker']) {gformInitDatepicker();}if(window['gformInitPriceFields']) {gformInitPriceFields();}var current_page = jQuery('#gform_source_page_number_37').val();gformInitSpinner( 37, 'https:\/\/ruelco.com\/wp-content\/plugins\/gravityforms\/images\/spinner.svg', true );jQuery(document).trigger('gform_page_loaded', [37, current_page]);window['gf_submitting_37'] = false;}else if(!is_redirect){var confirmation_content = jQuery(this).contents().find('.GF_AJAX_POSTBACK').html();if(!confirmation_content){confirmation_content = contents;}jQuery('#gform_wrapper_37').replaceWith(confirmation_content);jQuery(document).trigger('gform_confirmation_loaded', [37]);window['gf_submitting_37'] = false;wp.a11y.speak(jQuery('#gform_confirmation_message_37').text());}else{jQuery('#gform_37').append(contents);if(window['gformRedirect']) {gformRedirect();}}jQuery(document).trigger(\"gform_pre_post_render\", [{ formId: \"37\", currentPage: \"current_page\", abort: function() { this.preventDefault(); } }]);        if (event && event.defaultPrevented) {                return;        }        const gformWrapperDiv = document.getElementById( \"gform_wrapper_37\" );        if ( gformWrapperDiv ) {            const visibilitySpan = document.createElement( \"span\" );            visibilitySpan.id = \"gform_visibility_test_37\";            gformWrapperDiv.insertAdjacentElement( \"afterend\", visibilitySpan );        }        const visibilityTestDiv = document.getElementById( \"gform_visibility_test_37\" );        let postRenderFired = false;        function triggerPostRender() {            if ( postRenderFired ) {                return;            }            postRenderFired = true;            gform.core.triggerPostRenderEvents( 37, current_page );            if ( visibilityTestDiv ) {                visibilityTestDiv.parentNode.removeChild( visibilityTestDiv );            }        }        function debounce( func, wait, immediate ) {            var timeout;            return function() {                var context = this, args = arguments;                var later = function() {                    timeout = null;                    if ( !immediate ) func.apply( context, args );                };                var callNow = immediate && !timeout;                clearTimeout( timeout );                timeout = setTimeout( later, wait );                if ( callNow ) func.apply( context, args );            };        }        const debouncedTriggerPostRender = debounce( function() {            triggerPostRender();        }, 200 );        if ( visibilityTestDiv && visibilityTestDiv.offsetParent === null ) {            const observer = new MutationObserver( ( mutations ) => {                mutations.forEach( ( mutation ) => {                    if ( mutation.type === 'attributes' && visibilityTestDiv.offsetParent !== null ) {                        debouncedTriggerPostRender();                        observer.disconnect();                    }                });            });            observer.observe( document.body, {                attributes: true,                childList: false,                subtree: true,                attributeFilter: [ 'style', 'class' ],            });        } else {            triggerPostRender();        }    } );} ); \n\/* ]]> *\/\n<\/script>\n","protected":false},"excerpt":{"rendered":"","protected":false},"author":1,"featured_media":0,"parent":0,"menu_order":6,"comment_status":"open","ping_status":"closed","template":"","meta":{"_acf_changed":false,"footnotes":""},"acf":[],"yoast_head":"<!-- This site is optimized with the Yoast SEO plugin v24.2 - https:\/\/yoast.com\/wordpress\/plugins\/seo\/ -->\n<title>Soli\u00e7ita\u00e7\u00e3o de Cat\u00e1logo<\/title>\n<meta name=\"robots\" content=\"index, follow, max-snippet:-1, max-image-preview:large, max-video-preview:-1\" \/>\n<link rel=\"canonical\" href=\"https:\/\/ruelco.com\/pt-pt\/solicitacao-de-catalogo\/\" \/>\n<meta property=\"og:locale\" content=\"pt_PT\" \/>\n<meta property=\"og:type\" content=\"article\" \/>\n<meta property=\"og:title\" content=\"Soli\u00e7ita\u00e7\u00e3o de Cat\u00e1logo\" \/>\n<meta property=\"og:url\" content=\"https:\/\/ruelco.com\/pt-pt\/solicitacao-de-catalogo\/\" \/>\n<meta property=\"og:site_name\" content=\"Ruelco\" \/>\n<meta property=\"article:modified_time\" content=\"2013-11-21T19:26:42+00:00\" \/>\n<script type=\"application\/ld+json\" class=\"yoast-schema-graph\">{\"@context\":\"https:\/\/schema.org\",\"@graph\":[{\"@type\":\"WebPage\",\"@id\":\"https:\/\/ruelco.com\/pt-pt\/solicitacao-de-catalogo\/\",\"url\":\"https:\/\/ruelco.com\/pt-pt\/solicitacao-de-catalogo\/\",\"name\":\"Soli\u00e7ita\u00e7\u00e3o de Cat\u00e1logo\",\"isPartOf\":{\"@id\":\"https:\/\/ruelco.com\/#website\"},\"datePublished\":\"2012-09-25T15:30:32+00:00\",\"dateModified\":\"2013-11-21T19:26:42+00:00\",\"breadcrumb\":{\"@id\":\"https:\/\/ruelco.com\/pt-pt\/solicitacao-de-catalogo\/#breadcrumb\"},\"inLanguage\":\"pt-PT\",\"potentialAction\":[{\"@type\":\"ReadAction\",\"target\":[\"https:\/\/ruelco.com\/pt-pt\/solicitacao-de-catalogo\/\"]}]},{\"@type\":\"BreadcrumbList\",\"@id\":\"https:\/\/ruelco.com\/pt-pt\/solicitacao-de-catalogo\/#breadcrumb\",\"itemListElement\":[{\"@type\":\"ListItem\",\"position\":1,\"name\":\"Home\",\"item\":\"https:\/\/ruelco.com\/pt-pt\/\"},{\"@type\":\"ListItem\",\"position\":2,\"name\":\"Soli\u00e7ita\u00e7\u00e3o de Cat\u00e1logo\"}]},{\"@type\":\"WebSite\",\"@id\":\"https:\/\/ruelco.com\/#website\",\"url\":\"https:\/\/ruelco.com\/\",\"name\":\"Ruelco\",\"description\":\"Ruelco | Instrumentation Components | Pneumatic Relay Valves | Interface Hydraulic Control Valve | Quick Exhaust Valve | Pneumatic Liquid Level Switch\",\"potentialAction\":[{\"@type\":\"SearchAction\",\"target\":{\"@type\":\"EntryPoint\",\"urlTemplate\":\"https:\/\/ruelco.com\/?s={search_term_string}\"},\"query-input\":{\"@type\":\"PropertyValueSpecification\",\"valueRequired\":true,\"valueName\":\"search_term_string\"}}],\"inLanguage\":\"pt-PT\"}]}<\/script>\n<!-- \/ Yoast SEO plugin. -->","yoast_head_json":{"title":"Soli\u00e7ita\u00e7\u00e3o de Cat\u00e1logo","robots":{"index":"index","follow":"follow","max-snippet":"max-snippet:-1","max-image-preview":"max-image-preview:large","max-video-preview":"max-video-preview:-1"},"canonical":"https:\/\/ruelco.com\/pt-pt\/solicitacao-de-catalogo\/","og_locale":"pt_PT","og_type":"article","og_title":"Soli\u00e7ita\u00e7\u00e3o de Cat\u00e1logo","og_url":"https:\/\/ruelco.com\/pt-pt\/solicitacao-de-catalogo\/","og_site_name":"Ruelco","article_modified_time":"2013-11-21T19:26:42+00:00","schema":{"@context":"https:\/\/schema.org","@graph":[{"@type":"WebPage","@id":"https:\/\/ruelco.com\/pt-pt\/solicitacao-de-catalogo\/","url":"https:\/\/ruelco.com\/pt-pt\/solicitacao-de-catalogo\/","name":"Soli\u00e7ita\u00e7\u00e3o de Cat\u00e1logo","isPartOf":{"@id":"https:\/\/ruelco.com\/#website"},"datePublished":"2012-09-25T15:30:32+00:00","dateModified":"2013-11-21T19:26:42+00:00","breadcrumb":{"@id":"https:\/\/ruelco.com\/pt-pt\/solicitacao-de-catalogo\/#breadcrumb"},"inLanguage":"pt-PT","potentialAction":[{"@type":"ReadAction","target":["https:\/\/ruelco.com\/pt-pt\/solicitacao-de-catalogo\/"]}]},{"@type":"BreadcrumbList","@id":"https:\/\/ruelco.com\/pt-pt\/solicitacao-de-catalogo\/#breadcrumb","itemListElement":[{"@type":"ListItem","position":1,"name":"Home","item":"https:\/\/ruelco.com\/pt-pt\/"},{"@type":"ListItem","position":2,"name":"Soli\u00e7ita\u00e7\u00e3o de Cat\u00e1logo"}]},{"@type":"WebSite","@id":"https:\/\/ruelco.com\/#website","url":"https:\/\/ruelco.com\/","name":"Ruelco","description":"Ruelco | Instrumentation Components | Pneumatic Relay Valves | Interface Hydraulic Control Valve | Quick Exhaust Valve | Pneumatic Liquid Level Switch","potentialAction":[{"@type":"SearchAction","target":{"@type":"EntryPoint","urlTemplate":"https:\/\/ruelco.com\/?s={search_term_string}"},"query-input":{"@type":"PropertyValueSpecification","valueRequired":true,"valueName":"search_term_string"}}],"inLanguage":"pt-PT"}]}},"_links":{"self":[{"href":"https:\/\/ruelco.com\/pt-pt\/wp-json\/wp\/v2\/pages\/1007\/"}],"collection":[{"href":"https:\/\/ruelco.com\/pt-pt\/wp-json\/wp\/v2\/pages\/"}],"about":[{"href":"https:\/\/ruelco.com\/pt-pt\/wp-json\/wp\/v2\/types\/page\/"}],"author":[{"embeddable":true,"href":"https:\/\/ruelco.com\/pt-pt\/wp-json\/wp\/v2\/users\/1\/"}],"replies":[{"embeddable":true,"href":"https:\/\/ruelco.com\/pt-pt\/wp-json\/wp\/v2\/comments\/?post=1007"}],"version-history":[{"count":4,"href":"https:\/\/ruelco.com\/pt-pt\/wp-json\/wp\/v2\/pages\/1007\/revisions\/"}],"predecessor-version":[{"id":2003,"href":"https:\/\/ruelco.com\/pt-pt\/wp-json\/wp\/v2\/pages\/1007\/revisions\/2003\/"}],"wp:attachment":[{"href":"https:\/\/ruelco.com\/pt-pt\/wp-json\/wp\/v2\/media\/?parent=1007"}],"curies":[{"name":"wp","href":"https:\/\/api.w.org\/{rel}","templated":true}]}}