{"id":756,"date":"2012-09-24T20:12:15","date_gmt":"2012-09-24T20:12:15","guid":{"rendered":"http:\/\/ruelco.com\/about-2\/"},"modified":"2013-08-06T01:02:15","modified_gmt":"2013-08-06T01:02:15","slug":"sobre","status":"publish","type":"page","link":"https:\/\/ruelco.com\/pt-pt\/sobre\/","title":{"rendered":"Sobre"},"content":{"rendered":"<p><a href=\"https:\/\/ruelco.com\/wp-content\/uploads\/2012\/09\/About-Picture-2.jpg\" rel=\"lightbox\"><img loading=\"lazy\" decoding=\"async\" class=\"alignright size-medium wp-image-1408\" alt=\"About Picture 2\" src=\"https:\/\/ruelco.com\/wp-content\/uploads\/2012\/09\/About-Picture-2-300x249.jpg\" width=\"300\" height=\"249\" srcset=\"https:\/\/ruelco.com\/wp-content\/uploads\/2012\/09\/About-Picture-2-300x249.jpg 300w, https:\/\/ruelco.com\/wp-content\/uploads\/2012\/09\/About-Picture-2-1024x852.jpg 1024w\" sizes=\"(max-width: 300px) 100vw, 300px\" \/><\/a><\/p>\n<p>Ruelco \u00e9 um dos principais fabricantes mundiais de controles de intrumenta\u00e7\u00e3o. A versatilidade dos nossos produtos \u00e9 o nosso ponto forte e nossa quantidade de m\u00e1quinas CNC permite a produ\u00e7\u00e3o r\u00e1pida e de alta precis\u00e3o em todos os nossos processos. Novos aplicativos s\u00e3o constantemente desenvolvidos no setor de controles, e n\u00f3s estaremos presentes, fornecendo o design e os servi\u00e7os de manufatura necess\u00e1rios para atender \u00e0 demanda de nossos clientes.<\/p>\n<p>Ruelco\u00a0tem a capacidade de testar cada parte fabricada em nossas instala\u00e7\u00f5es utilizando testes internos. Nosso programa de controle de qualidade total garante que somente os produtos que satisfa\u00e7am os nossos elevados padr\u00f5es saiam da f\u00e1brica. Nosso compromisso com a inova\u00e7\u00e3o, qualidade e satisfa\u00e7\u00e3o total de cada cliente \u00e9 o que nos impulsiona a ter sucesso hoje e no futuro.<\/p>\n<p><a href=\"https:\/\/ruelco.com\/wp-content\/uploads\/2012\/09\/photo.jpg\" rel=\"lightbox\"><img loading=\"lazy\" decoding=\"async\" class=\"alignleft size-medium wp-image-1477\" alt=\"photo\" src=\"https:\/\/ruelco.com\/wp-content\/uploads\/2012\/09\/photo-300x225.jpg\" width=\"300\" height=\"225\" srcset=\"https:\/\/ruelco.com\/wp-content\/uploads\/2012\/09\/photo-300x225.jpg 300w, https:\/\/ruelco.com\/wp-content\/uploads\/2012\/09\/photo.jpg 960w\" sizes=\"(max-width: 300px) 100vw, 300px\" \/><\/a>Ruelco\u00a0tamb\u00e9m oferece uma ampla variedade de outros produtos, desde componentes militares at\u00e9 acess\u00f3rios de engarrafamento para m\u00e1quinas de enchimento autom\u00e1tico, al\u00e9m da nossa linha completa de controles de instrumenta\u00e7\u00e3o e acess\u00f3rios.<\/p>\n<p>Deixe-nos saber os servi\u00e7os que voc\u00ea est\u00e1 procurando e n\u00f3s faremos o m\u00e1ximo para melhor satisfazer as suas necessidades.<\/p>","protected":false},"excerpt":{"rendered":"<p>Ruelco \u00e9 um dos principais fabricantes mundiais de controles de intrumenta\u00e7\u00e3o. A versatilidade dos nossos produtos \u00e9 o nosso ponto&#8230;  <a class=\"moretag\" href=\"https:\/\/ruelco.com\/pt-pt\/sobre\/\">More<\/a><\/p>\n","protected":false},"author":1,"featured_media":1408,"parent":0,"menu_order":2,"comment_status":"closed","ping_status":"closed","template":"","meta":{"_acf_changed":false,"footnotes":""},"acf":[],"yoast_head":"<!-- This site is optimized with the Yoast SEO plugin v24.2 - https:\/\/yoast.com\/wordpress\/plugins\/seo\/ -->\n<title>Sobre<\/title>\n<meta name=\"description\" content=\"Ruelco \u00e9 um dos principais fabricantes mundiais de controles de intrumenta\u00e7\u00e3o. A versatilidade dos nossos produtos \u00e9 o nosso ponto forte e nossa\" \/>\n<meta name=\"robots\" content=\"index, follow, max-snippet:-1, max-image-preview:large, max-video-preview:-1\" \/>\n<link rel=\"canonical\" href=\"https:\/\/ruelco.com\/pt-pt\/sobre\/\" \/>\n<meta property=\"og:locale\" content=\"pt_PT\" \/>\n<meta property=\"og:type\" content=\"article\" \/>\n<meta property=\"og:title\" content=\"Sobre\" \/>\n<meta property=\"og:description\" content=\"Ruelco \u00e9 um dos principais fabricantes mundiais de controles de intrumenta\u00e7\u00e3o. A versatilidade dos nossos produtos \u00e9 o nosso ponto forte e nossa\" \/>\n<meta property=\"og:url\" content=\"https:\/\/ruelco.com\/pt-pt\/sobre\/\" \/>\n<meta property=\"og:site_name\" content=\"Ruelco\" \/>\n<meta property=\"article:modified_time\" content=\"2013-08-06T01:02:15+00:00\" \/>\n<meta property=\"og:image\" content=\"https:\/\/ruelco.com\/wp-content\/uploads\/2012\/09\/About-Picture-2.jpg\" \/>\n\t<meta property=\"og:image:width\" content=\"2458\" \/>\n\t<meta property=\"og:image:height\" content=\"2047\" \/>\n\t<meta property=\"og:image:type\" content=\"image\/jpeg\" \/>\n<meta name=\"twitter:label1\" content=\"Est. reading time\" \/>\n\t<meta name=\"twitter:data1\" content=\"1 minute\" \/>\n<script type=\"application\/ld+json\" class=\"yoast-schema-graph\">{\"@context\":\"https:\/\/schema.org\",\"@graph\":[{\"@type\":\"WebPage\",\"@id\":\"https:\/\/ruelco.com\/pt-pt\/sobre\/\",\"url\":\"https:\/\/ruelco.com\/pt-pt\/sobre\/\",\"name\":\"Sobre\",\"isPartOf\":{\"@id\":\"https:\/\/ruelco.com\/#website\"},\"primaryImageOfPage\":{\"@id\":\"https:\/\/ruelco.com\/pt-pt\/sobre\/#primaryimage\"},\"image\":{\"@id\":\"https:\/\/ruelco.com\/pt-pt\/sobre\/#primaryimage\"},\"thumbnailUrl\":\"https:\/\/ruelco.com\/wp-content\/uploads\/2012\/09\/About-Picture-2.jpg\",\"datePublished\":\"2012-09-24T20:12:15+00:00\",\"dateModified\":\"2013-08-06T01:02:15+00:00\",\"description\":\"Ruelco \u00e9 um dos principais fabricantes mundiais de controles de intrumenta\u00e7\u00e3o. A versatilidade dos nossos produtos \u00e9 o nosso ponto forte e nossa\",\"breadcrumb\":{\"@id\":\"https:\/\/ruelco.com\/pt-pt\/sobre\/#breadcrumb\"},\"inLanguage\":\"pt-PT\",\"potentialAction\":[{\"@type\":\"ReadAction\",\"target\":[\"https:\/\/ruelco.com\/pt-pt\/sobre\/\"]}]},{\"@type\":\"ImageObject\",\"inLanguage\":\"pt-PT\",\"@id\":\"https:\/\/ruelco.com\/pt-pt\/sobre\/#primaryimage\",\"url\":\"https:\/\/ruelco.com\/wp-content\/uploads\/2012\/09\/About-Picture-2.jpg\",\"contentUrl\":\"https:\/\/ruelco.com\/wp-content\/uploads\/2012\/09\/About-Picture-2.jpg\",\"width\":2458,\"height\":2047},{\"@type\":\"BreadcrumbList\",\"@id\":\"https:\/\/ruelco.com\/pt-pt\/sobre\/#breadcrumb\",\"itemListElement\":[{\"@type\":\"ListItem\",\"position\":1,\"name\":\"Home\",\"item\":\"https:\/\/ruelco.com\/pt-pt\/\"},{\"@type\":\"ListItem\",\"position\":2,\"name\":\"Sobre\"}]},{\"@type\":\"WebSite\",\"@id\":\"https:\/\/ruelco.com\/#website\",\"url\":\"https:\/\/ruelco.com\/\",\"name\":\"Ruelco\",\"description\":\"Ruelco | Instrumentation Components | Pneumatic Relay Valves | Interface Hydraulic Control Valve | Quick Exhaust Valve | Pneumatic Liquid Level Switch\",\"potentialAction\":[{\"@type\":\"SearchAction\",\"target\":{\"@type\":\"EntryPoint\",\"urlTemplate\":\"https:\/\/ruelco.com\/?s={search_term_string}\"},\"query-input\":{\"@type\":\"PropertyValueSpecification\",\"valueRequired\":true,\"valueName\":\"search_term_string\"}}],\"inLanguage\":\"pt-PT\"}]}<\/script>\n<!-- \/ Yoast SEO plugin. -->","yoast_head_json":{"title":"Sobre","description":"Ruelco \u00e9 um dos principais fabricantes mundiais de controles de intrumenta\u00e7\u00e3o. A versatilidade dos nossos produtos \u00e9 o nosso ponto forte e nossa","robots":{"index":"index","follow":"follow","max-snippet":"max-snippet:-1","max-image-preview":"max-image-preview:large","max-video-preview":"max-video-preview:-1"},"canonical":"https:\/\/ruelco.com\/pt-pt\/sobre\/","og_locale":"pt_PT","og_type":"article","og_title":"Sobre","og_description":"Ruelco \u00e9 um dos principais fabricantes mundiais de controles de intrumenta\u00e7\u00e3o. A versatilidade dos nossos produtos \u00e9 o nosso ponto forte e nossa","og_url":"https:\/\/ruelco.com\/pt-pt\/sobre\/","og_site_name":"Ruelco","article_modified_time":"2013-08-06T01:02:15+00:00","og_image":[{"width":2458,"height":2047,"url":"https:\/\/ruelco.com\/wp-content\/uploads\/2012\/09\/About-Picture-2.jpg","type":"image\/jpeg"}],"twitter_misc":{"Est. reading time":"1 minute"},"schema":{"@context":"https:\/\/schema.org","@graph":[{"@type":"WebPage","@id":"https:\/\/ruelco.com\/pt-pt\/sobre\/","url":"https:\/\/ruelco.com\/pt-pt\/sobre\/","name":"Sobre","isPartOf":{"@id":"https:\/\/ruelco.com\/#website"},"primaryImageOfPage":{"@id":"https:\/\/ruelco.com\/pt-pt\/sobre\/#primaryimage"},"image":{"@id":"https:\/\/ruelco.com\/pt-pt\/sobre\/#primaryimage"},"thumbnailUrl":"https:\/\/ruelco.com\/wp-content\/uploads\/2012\/09\/About-Picture-2.jpg","datePublished":"2012-09-24T20:12:15+00:00","dateModified":"2013-08-06T01:02:15+00:00","description":"Ruelco \u00e9 um dos principais fabricantes mundiais de controles de intrumenta\u00e7\u00e3o. A versatilidade dos nossos produtos \u00e9 o nosso ponto forte e nossa","breadcrumb":{"@id":"https:\/\/ruelco.com\/pt-pt\/sobre\/#breadcrumb"},"inLanguage":"pt-PT","potentialAction":[{"@type":"ReadAction","target":["https:\/\/ruelco.com\/pt-pt\/sobre\/"]}]},{"@type":"ImageObject","inLanguage":"pt-PT","@id":"https:\/\/ruelco.com\/pt-pt\/sobre\/#primaryimage","url":"https:\/\/ruelco.com\/wp-content\/uploads\/2012\/09\/About-Picture-2.jpg","contentUrl":"https:\/\/ruelco.com\/wp-content\/uploads\/2012\/09\/About-Picture-2.jpg","width":2458,"height":2047},{"@type":"BreadcrumbList","@id":"https:\/\/ruelco.com\/pt-pt\/sobre\/#breadcrumb","itemListElement":[{"@type":"ListItem","position":1,"name":"Home","item":"https:\/\/ruelco.com\/pt-pt\/"},{"@type":"ListItem","position":2,"name":"Sobre"}]},{"@type":"WebSite","@id":"https:\/\/ruelco.com\/#website","url":"https:\/\/ruelco.com\/","name":"Ruelco","description":"Ruelco | Instrumentation Components | Pneumatic Relay Valves | Interface Hydraulic Control Valve | Quick Exhaust Valve | Pneumatic Liquid Level Switch","potentialAction":[{"@type":"SearchAction","target":{"@type":"EntryPoint","urlTemplate":"https:\/\/ruelco.com\/?s={search_term_string}"},"query-input":{"@type":"PropertyValueSpecification","valueRequired":true,"valueName":"search_term_string"}}],"inLanguage":"pt-PT"}]}},"_links":{"self":[{"href":"https:\/\/ruelco.com\/pt-pt\/wp-json\/wp\/v2\/pages\/756\/"}],"collection":[{"href":"https:\/\/ruelco.com\/pt-pt\/wp-json\/wp\/v2\/pages\/"}],"about":[{"href":"https:\/\/ruelco.com\/pt-pt\/wp-json\/wp\/v2\/types\/page\/"}],"author":[{"embeddable":true,"href":"https:\/\/ruelco.com\/pt-pt\/wp-json\/wp\/v2\/users\/1\/"}],"replies":[{"embeddable":true,"href":"https:\/\/ruelco.com\/pt-pt\/wp-json\/wp\/v2\/comments\/?post=756"}],"version-history":[{"count":11,"href":"https:\/\/ruelco.com\/pt-pt\/wp-json\/wp\/v2\/pages\/756\/revisions\/"}],"predecessor-version":[{"id":1641,"href":"https:\/\/ruelco.com\/pt-pt\/wp-json\/wp\/v2\/pages\/756\/revisions\/1641\/"}],"wp:featuredmedia":[{"embeddable":true,"href":"https:\/\/ruelco.com\/pt-pt\/wp-json\/wp\/v2\/media\/1408\/"}],"wp:attachment":[{"href":"https:\/\/ruelco.com\/pt-pt\/wp-json\/wp\/v2\/media\/?parent=756"}],"curies":[{"name":"wp","href":"https:\/\/api.w.org\/{rel}","templated":true}]}}